{"id":307,"date":"2015-10-12T07:28:54","date_gmt":"2015-10-12T07:28:54","guid":{"rendered":"https:\/\/www.acidh.org\/es\/areahabitatge\/aviso-legal-2\/"},"modified":"2017-11-22T11:51:34","modified_gmt":"2017-11-22T11:51:34","slug":"aviso-legal","status":"publish","type":"page","link":"https:\/\/acidh.org\/areahabitatge\/aviso-legal\/","title":{"rendered":"Aviso legal"},"content":{"rendered":"<p>En cumplimiento de la Ley 34\/2002 de Servicios de la Sociedad de la Informaci\u00f3n y de Comercio Electr\u00f3nico de Espa\u00f1a, le informamos que esta p\u00e1gina Web es propiedad de Associaci\u00f3 Catalana d&#8217;Integraci\u00f3 i Desenvolupament Hum\u00e0, con domicilio en Calle de Siracusa, 53, 08012 Barcelona con CIF. n\u00ba G-60531100 e inscrita en el Registro de Fundaciones de la Generalitat de Catalu\u00f1a, con el n\u00famero 15324.<\/p>\n<p>Para cualquier consulta o propuesta, cont\u00e1ctenos en el correo <a href=\"mailto:acidh@acidh.org\">acidh@acidh.org<\/a>, o en el tel\u00e9fono 932 10 20 82.<\/p>\n<p>Esta p\u00e1gina Web se rige por la normativa exclusivamente aplicable en Espa\u00f1a, quedando sometida a ella, tanto nacionales como extranjeros que utilicen esta Web.<\/p>\n<p>El acceso a nuestra p\u00e1gina Web por parte del USUARIO es gratuito y est\u00e1 condicionado a la previa lectura y aceptaci\u00f3n \u00edntegra, expresa y sin reservas de las presentes <strong>CONDICIONES GENERALES DE USO<\/strong> vigentes en el momento del acceso, que rogamos lea detenidamente.<\/p>\n<p>El USUARIO, en el momento que utiliza, nuestro portal, sus contenidos o servicios, <strong>acepta y se somete expresamente a las condiciones generales de uso<\/strong> del mismo. Si el usuario no estuviera de acuerdo con las presentes condiciones de uso, tendr\u00e1 que abstenerse de utilizar este portal y operar por medio del mismo.<\/p>\n<p>En cualquier momento podremos modificar la presentaci\u00f3n y configuraci\u00f3n de nuestra Web, ampliar o reducir servicios, e incluso suprimirla de la Red, as\u00ed como los servicios y contenidos prestados, todo ello de forma unilateral y sin previo aviso.<\/p>\n<h2>Propiedad intelectual<\/h2>\n<p>Todos los contenidos, textos, im\u00e1genes, y c\u00f3digos fuente son propiedad de <strong>acidh<\/strong> o de terceros a los que se han adquirido sus derechos de explotaci\u00f3n, y est\u00e1n protegidos por los derechos de Propiedad Intelectual e Industrial.<\/p>\n<p>El usuario \u00fanicamente tiene derecho a un uso privado de los mismos, sin \u00e1nimo de lucro, y necesita autorizaci\u00f3n expresa de <strong>acidh<\/strong> y\/o titular de los derechos para modificarlos, reproducirlos, explotarlos, distribuirlos o cualquier derecho perteneciente a su titular.<\/p>\n<p>El establecimiento de enlaces a nuestro portal no confiere ning\u00fan derecho sobre el mismo, y se autoriza exclusivamente a permitir el acceso a nuestra web, quedando prohibida en otras p\u00e1ginas la reproducci\u00f3n total o parcial de las im\u00e1genes y contenidos de nuestro portal . Asimismo, el simple hecho de establecer un enlace a nuestra p\u00e1gina web no da derecho a otorgarse la categor\u00eda de colaborador o socio de <strong>acidh<\/strong>.<\/p>\n<p>Est\u00e1 absolutamente prohibida la imitaci\u00f3n ya sea total o parcial de nuestro portal.<\/p>\n<h2>Condiciones de acceso<\/h2>\n<p>El acceso a nuestra p\u00e1gina Web es gratuito y no requiere previa suscripci\u00f3n o registro. Sin embargo, <strong>acidh<\/strong> se reserva el derecho de ofrecer servicios que requieran el registro previo del usuario. En todo caso, estos servicios quedar\u00e1n debidamente identificados en la Web, con f\u00e1ciles indicaciones para su registro.<\/p>\n<p>El usuario debe acceder a nuestra p\u00e1gina Web conforme a la buena fe, las normas de orden p\u00fablico y en las presentes Condiciones Generales de Uso. El acceso a nuestro sitio Web se realiza bajo la propia y exclusiva responsabilidad del usuario, que responder\u00e1 en todo caso de los da\u00f1os y perjuicios que pueda causar a terceros o a nosotros mismos.<\/p>\n<p>El usuario tiene expresamente prohibido la utilizaci\u00f3n y obtenci\u00f3n de los servicios y contenidos ofrecidos en la presente p\u00e1gina web, por procedimientos distintos a los estipulados en las presentes condiciones de uso y, en su caso, en las condiciones particulares que regulen la adquisici\u00f3n de determinados servicios.<\/p>\n<p>Teniendo en cuenta la imposibilidad de control respecto a la informaci\u00f3n, contenidos y servicios que contengan otros websites a los que se pueda acceder a trav\u00e9s de los enlaces que nuestra p\u00e1gina web pone a su disposici\u00f3n, le comunicamos que <strong>acidh<\/strong> queda eximida de cualquier responsabilidad por los da\u00f1os y perjuicios de toda clase que pudiesen derivar por la utilizaci\u00f3n de esas p\u00e1ginas web ajenas a nuestra empresa por parte del usuario.<\/p>\n<p><strong>acidh<\/strong> se reserva el derecho de ejercitar las acciones legales oportunas contra aquellos USUARIOS que vulneren las presentes condiciones generales de uso, aceptando el USUARIO que la no iniciaci\u00f3n de estas acciones no constituye una renuncia formal a los mismas, permaneciendo \u00e9stas vigentes hasta los plazos de prescripci\u00f3n de las infracciones.<\/p>\n<h2>Protecci\u00f3n de datos personales<\/h2>\n<p>La confidencialidad, el secreto profesional y la seguridad son valores primordiales de <strong>acidh<\/strong>, que asume el compromiso de garantizar la privacidad del usuario o visitante en todo momento, y en todas las interacciones con aquel. <strong>acidh<\/strong> asume tambi\u00e9n el compromiso de no recabar informaci\u00f3n innecesaria sobre el Usuario. Asimismo, nos comprometemos a tratar con extrema diligencia la informaci\u00f3n personal que el Usuario pueda facilitar a trav\u00e9s de nuestra web.<\/p>\n<p>De conformidad con la Ley Org\u00e1nica 15\/1999 de Protecci\u00f3n de Datos de Car\u00e1cter Personal (LOPD), y Real Decreto 1720\/2007 de desarrollo de la LOPD, le informamos que la utilizaci\u00f3n de determinados servicios en nuestra p\u00e1gina web requiere que nos facilite determinados datos personales a trav\u00e9s de formularios de registro o mediante el env\u00edo de mensajes de correo electr\u00f3nico, y que \u00e9stos ser\u00e1n objeto de tratamiento e incorporados a los ficheros de ACIDH, titular y responsable del mismo. El env\u00edo referido de los datos personales constituye el consentimiento expreso al tratamiento de los mismos, si bien de car\u00e1cter revocable y sin efectos retroactivos.<\/p>\n<p>Asimismo le informamos que todos nuestros ficheros se encuentran legalmente inscritos en el Registro General de Datos Personales de la Agencia Espa\u00f1ola de Protecci\u00f3n de Datos, as\u00ed como que para salvaguardar la seguridad de sus datos personales se aplicar\u00e1n las medidas de seguridad t\u00e9cnicas y organizativas exigidas en el Real Decreto 1720\/2007 que regula el reglamento de medidas de seguridad de los ficheros que contengan datos de car\u00e1cter personal.<\/p>\n<h3>Uso de los datos personales<\/h3>\n<p>Los datos que le solicitamos son los adecuados, pertinentes y estrictamente necesarios para la finalidad por la que se recogen, y en ning\u00fan caso est\u00e1 obligado a facilitarnos la foto. Asimismo, nos certifica que todos los datos que nos facilita son ciertos, veraces y pertinentes para la finalidad para la que las solicitamos.<\/p>\n<p>Nuestra p\u00e1gina Web recoge sus datos personales mediante la recepci\u00f3n de diversos formularios ya trav\u00e9s del correo electr\u00f3nico d\u00f3nde puede solicitarnos cualquier tipo de informaci\u00f3n, aclaraci\u00f3n o duda. El env\u00edo de los mismos implica su autorizaci\u00f3n a incorporarlos a nuestros ficheros correspondientes, si ACIDH lo considera conveniente, y \u00e9stos estar\u00e1n regulados por las presentes pol\u00edticas de privacidad. Sus datos ser\u00e1n incorporados a nuestros ficheros de tratamiento de datos.<\/p>\n<p><strong>acidh<\/strong> se reserva el derecho de decidir la incorporaci\u00f3n o no de sus datos personales en sus ficheros.<\/p>\n<h3>Recepci\u00f3n de Curr\u00edculums Vitae<\/h3>\n<p>En el caso de enviarnos su curriculum vitae, en virtud de la Ley de Protecci\u00f3n de Datos Personales, le informamos que sus datos personales se incorporar\u00e1n a nuestros ficheros, con la finalidad de disponer de su curr\u00edculum para llevar a cabo procesos de selecci\u00f3n de personal si su perfil profesional se ajusta a nuestras necesidades. Mientras no cancele expresamente sus datos personales de nuestros ficheros, entendemos que contin\u00faa interesado en formar parte de los mismos para procesos de selecci\u00f3n futuros. Con la finalidad de mantener actualizados nuestros ficheros de datos personales, rogamos nos comunique cualquier cambio o modificaci\u00f3n que se produzca en los mismos.<\/p>\n<h3>Derechos de acceso. rectificaci\u00f3n, cancelaci\u00f3n de sus datos personales<\/h3>\n<p>En cualquier momento puede oponerse a nuestros env\u00edos comerciales, as\u00ed como ejercer sus derechos de acceso, rectificaci\u00f3n y cancelaci\u00f3n en los t\u00e9rminos establecidos legalmente, mediante escrito firmado dirigido a ACIDH la direcci\u00f3n Calle de Siracusa, 53, 08012 Barcelona o mediante correo electr\u00f3nico a la direcci\u00f3n acidh@acidh.org aport\u00e1ndonos copia de su DNI.<\/p>\n<h3>Comunicaciones de datos<\/h3>\n<p><strong>acidh<\/strong> le informa que sus datos son tratados confidencialmente y son utilizados exclusivamente de manera interna y para las finalidades indicadas. Por tanto, no cedemos ni comunicamos a ning\u00fan tercero sus datos, excepto en los casos legalmente previstos, o en que el USUARIO nos lo autorice expresamente.<\/p>\n<h3>Seguridad de sus datos personales<\/h3>\n<p>Con el objetivo de salvaguardar la seguridad de sus datos personales, le informamos de que <strong>acidh<\/strong> ha adoptado todas las medidas de \u00edndole t\u00e9cnica y organizativa necesarias para garantizar la seguridad de los datos personales suministrados de su alteraci\u00f3n, p\u00e9rdida, y tratamientos o accesos no autorizados, tal como exige el Real Decreto 1720\/2007 regula el reglamento de medidas de seguridad de los ficheros que contengan datos de car\u00e1cter personal.<\/p>\n<h3>Actualizaci\u00f3n de sus datos<\/h3>\n<p>Es importante que para que podamos mantener sus datos personales actualizados, nos informe siempre que haya habido alguna modificaci\u00f3n en ellos, en caso contrario, no respondemos de la veracidad de las mismas.<br \/>\nConsideramos que si no cancela sus datos personales expresamente de nuestros ficheros, contin\u00faa interesado en seguir incorporado a los mismos hasta que <strong>acidh<\/strong> lo considere oportuno y mientras sea adecuado a la finalidad para la que se obtuvieron.<\/p>\n<p><strong>acidh<\/strong> no se hace responsable de la pol\u00edtica de privacidad respecto a los datos personales que pueda facilitar a terceros por medio de los enlaces disponibles en nuestra p\u00e1gina web.<\/p>\n<p><strong>acidh<\/strong> puede modificar las presentes pol\u00edticas de privacidad para adaptarlas a las modificaciones que se produzcan en nuestra web, as\u00ed como modificaciones legislativas o jurisprudenciales sobre datos personales que vayan apareciendo, por lo que exige su lectura, cada vez que nos facilite sus datos a trav\u00e9s de esta Web.<\/p>\n<h3>Cookies<\/h3>\n<p><strong>acidh<\/strong> podr\u00e1 utilizar cookies durante la prestaci\u00f3n del servicio del Portal. Las cookies son procedimientos autom\u00e1ticos de recogida de informaci\u00f3n relativa a las preferencias determinadas por un usuario durante su visita a una determinada p\u00e1gina web. Esta informaci\u00f3n se registra en peque\u00f1os archivos que son guardados en los equipos inform\u00e1ticos del usuario correspondiente de forma imperceptible. Cada vez que el usuario vuelve a acceder al sitio web en cuesti\u00f3n, estos archivos se activan autom\u00e1ticamente de manera que se configura el sitio web con las preferencias se\u00f1aladas en anteriores visitas. En definitiva, las cookies son ficheros f\u00edsicos de informaci\u00f3n personal alojados en el propio terminal del usuario y asociados inequ\u00edvocamente a este terminal. Las cookies no pueden leer los archivos cookie creados por otros proveedores.<\/p>\n<p>El Usuario tiene la posibilidad de configurar su programa navegador de manera que se impida la creaci\u00f3n de archivos cookie o se advierta del momento en que esto ocurre. El Portal es accesible sin necesidad de que est\u00e9n activadas las opciones referentes a los archivos cookie, si bien pueden impedir el correcto funcionamiento de mecanismos de seguridad para servicios exclusivos o determinados servicios que requieren de una mayor seguridad. Por norma general, la finalidad de los archivos cookie del Portal es la de facilitar la navegaci\u00f3n del Usuario.<\/p>\n<h2>Responsabilidades<\/h2>\n<p>Al poner a disposici\u00f3n del usuario esta p\u00e1gina Web, queremos ofrecerle toda una serie de contenidos y servicios de calidad, utilizando la m\u00e1xima diligencia en la prestaci\u00f3n de los mismos as\u00ed como en los medios tecnol\u00f3gicos utilizados. No obstante, no responderemos de la presencia de virus y otros elementos que de alg\u00fan modo puedan da\u00f1ar el sistema inform\u00e1tico del usuario.<\/p>\n<p>El USUARIO tiene prohibido cualquier tipo de acci\u00f3n sobre nuestro portal que origine una excesiva sobrecarga de funcionamiento a nuestros sistemas inform\u00e1ticos, as\u00ed como la introducci\u00f3n de virus, o instalaci\u00f3n de robots, o software que altere el normal funcionamiento de nuestra web, o en definitiva pueda causar da\u00f1os a nuestros sistemas inform\u00e1ticos.<\/p>\n<p>El usuario asume toda la responsabilidad derivada del uso de nuestra p\u00e1gina web, siendo el \u00fanico responsable de todo efecto directo o indirecto que sobre la p\u00e1gina web se derive, incluyendo, de forma enunciativa y no limitativa, todo resultado econ\u00f3mico, t\u00e9cnico y\/o jur\u00eddico adverso, as\u00ed como la defraudaci\u00f3n de las expectativas generadas por nuestro portal, oblig\u00e1ndose el usuario a mantener indemne a <strong>acidh<\/strong> por cualesquiera reclamaciones derivadas, directa o indirectamente de tales hechos.<\/p>\n<p><strong>acidh<\/strong> queda exonerada de responsabilidad por cualquier reclamaci\u00f3n respecto a los derechos de propiedad intelectual de los art\u00edculos e im\u00e1genes publicadas en su portal, as\u00ed como no garantiza la exactitud, veracidad y vigencia de los contenidos de esta p\u00e1gina web, ya sean propios, de terceros, o enlaces a otras web sites, quedando totalmente exonerada de cualquier responsabilidad derivada del uso de los mismos.<\/p>\n<p><strong>acidh<\/strong> queda exonerada de cualquier responsabilidad derivada de cualquier reclamaci\u00f3n, incluido el pago de honorarios a abogados, por las demandas y reclamaciones originadas por terceros por el incumplimiento por parte del USUARIO de nuestras condiciones de uso, acceso y pol\u00edtica de privacidad, o cualesquiera otra reclamaci\u00f3n por el incumplimiento de la legislaci\u00f3n vigente.<\/p>\n<p>El USUARIO reconoce que ha entendido toda la informaci\u00f3n respecto a las condiciones de uso de nuestro portal, y reconoce que son suficientes para la exclusi\u00f3n del error en las mismas, y por tanto, las acepta integra y expresamente.<\/p>\n<p>El USUARIO es plenamente consciente de que la mera navegaci\u00f3n por la presente p\u00e1gina web, as\u00ed como la utilizaci\u00f3n de sus servicios, implica la aceptaci\u00f3n de las presentes condiciones de uso.<\/p>\n<p>Todo lo referente a nuestra p\u00e1gina web, se rige exclusivamente por las leyes espa\u00f1olas. En caso de que se produzca cualquier tipo de discrepancia o diferencia entre las partes en relaci\u00f3n con la interpretaci\u00f3n y contenido de la presente p\u00e1gina web, todas las partes se someten, con renuncia expresa a cualquier otro fuero, a los Juzgados y Tribunales de la provincia de la ciudad donde se encuentra la sede central, arriba indicada.<br \/>\nPara cualquier cuesti\u00f3n respecto a las Condiciones de Uso de nuestra p\u00e1gina web puede ponerse en contacto con nosotros en los datos arriba indicados.<\/p>\n","protected":false},"excerpt":{"rendered":"<p>En cumplimiento de la Ley 34\/2002 de Servicios de la Sociedad de la Informaci\u00f3n y de Comercio Electr\u00f3nico de Espa\u00f1a, le informamos que esta p\u00e1gina Web es propiedad de Associaci\u00f3 Catalana d&#8217;Integraci\u00f3 i Desenvolupament Hum\u00e0, con domicilio en Calle de Siracusa, 53, 08012 Barcelona con CIF. n\u00ba G-60531100 e inscrita en el Registro de Fundaciones [&hellip;]<\/p>\n","protected":false},"author":3,"featured_media":0,"parent":0,"menu_order":0,"comment_status":"closed","ping_status":"closed","template":"","meta":{"_et_pb_use_builder":"","_et_pb_old_content":"","_et_gb_content_width":"","footnotes":""},"class_list":["post-307","page","type-page","status-publish","hentry"],"yoast_head":"<!-- This site is optimized with the Yoast SEO plugin v26.9 - https:\/\/yoast.com\/product\/yoast-seo-wordpress\/ -->\n<title>Aviso legal - \u00c0rea Habitatge<\/title>\n<meta name=\"robots\" content=\"index, follow, max-snippet:-1, max-image-preview:large, max-video-preview:-1\" \/>\n<link rel=\"canonical\" href=\"https:\/\/acidh.org\/areahabitatge\/es\/aviso-legal\/\" \/>\n<meta property=\"og:locale\" content=\"ca_ES\" \/>\n<meta property=\"og:type\" content=\"article\" \/>\n<meta property=\"og:title\" content=\"Aviso legal - \u00c0rea Habitatge\" \/>\n<meta property=\"og:description\" content=\"En cumplimiento de la Ley 34\/2002 de Servicios de la Sociedad de la Informaci\u00f3n y de Comercio Electr\u00f3nico de Espa\u00f1a, le informamos que esta p\u00e1gina Web es propiedad de Associaci\u00f3 Catalana d&#8217;Integraci\u00f3 i Desenvolupament Hum\u00e0, con domicilio en Calle de Siracusa, 53, 08012 Barcelona con CIF. n\u00ba G-60531100 e inscrita en el Registro de Fundaciones [&hellip;]\" \/>\n<meta property=\"og:url\" content=\"https:\/\/acidh.org\/areahabitatge\/es\/aviso-legal\/\" \/>\n<meta property=\"og:site_name\" content=\"\u00c0rea Habitatge\" \/>\n<meta property=\"article:modified_time\" content=\"2017-11-22T11:51:34+00:00\" \/>\n<meta name=\"twitter:card\" content=\"summary_large_image\" \/>\n<meta name=\"twitter:label1\" content=\"Temps estimat de lectura\" \/>\n\t<meta name=\"twitter:data1\" content=\"12 minuts\" \/>\n<script type=\"application\/ld+json\" class=\"yoast-schema-graph\">{\"@context\":\"https:\/\/schema.org\",\"@graph\":[{\"@type\":\"WebPage\",\"@id\":\"https:\/\/acidh.org\/areahabitatge\/es\/aviso-legal\/\",\"url\":\"https:\/\/acidh.org\/areahabitatge\/es\/aviso-legal\/\",\"name\":\"Aviso legal - \u00c0rea Habitatge\",\"isPartOf\":{\"@id\":\"https:\/\/acidh.org\/areahabitatge\/#website\"},\"datePublished\":\"2015-10-12T07:28:54+00:00\",\"dateModified\":\"2017-11-22T11:51:34+00:00\",\"breadcrumb\":{\"@id\":\"https:\/\/acidh.org\/areahabitatge\/es\/aviso-legal\/#breadcrumb\"},\"inLanguage\":\"ca\",\"potentialAction\":[{\"@type\":\"ReadAction\",\"target\":[\"https:\/\/acidh.org\/areahabitatge\/es\/aviso-legal\/\"]}]},{\"@type\":\"BreadcrumbList\",\"@id\":\"https:\/\/acidh.org\/areahabitatge\/es\/aviso-legal\/#breadcrumb\",\"itemListElement\":[{\"@type\":\"ListItem\",\"position\":1,\"name\":\"Portada\",\"item\":\"https:\/\/acidh.org\/areahabitatge\/\"},{\"@type\":\"ListItem\",\"position\":2,\"name\":\"Aviso legal\"}]},{\"@type\":\"WebSite\",\"@id\":\"https:\/\/acidh.org\/areahabitatge\/#website\",\"url\":\"https:\/\/acidh.org\/areahabitatge\/\",\"name\":\"\u00c0rea Habitatge\",\"description\":\"AcidH\",\"potentialAction\":[{\"@type\":\"SearchAction\",\"target\":{\"@type\":\"EntryPoint\",\"urlTemplate\":\"https:\/\/acidh.org\/areahabitatge\/?s={search_term_string}\"},\"query-input\":{\"@type\":\"PropertyValueSpecification\",\"valueRequired\":true,\"valueName\":\"search_term_string\"}}],\"inLanguage\":\"ca\"}]}<\/script>\n<!-- \/ Yoast SEO plugin. -->","yoast_head_json":{"title":"Aviso legal - \u00c0rea Habitatge","robots":{"index":"index","follow":"follow","max-snippet":"max-snippet:-1","max-image-preview":"max-image-preview:large","max-video-preview":"max-video-preview:-1"},"canonical":"https:\/\/acidh.org\/areahabitatge\/es\/aviso-legal\/","og_locale":"ca_ES","og_type":"article","og_title":"Aviso legal - \u00c0rea Habitatge","og_description":"En cumplimiento de la Ley 34\/2002 de Servicios de la Sociedad de la Informaci\u00f3n y de Comercio Electr\u00f3nico de Espa\u00f1a, le informamos que esta p\u00e1gina Web es propiedad de Associaci\u00f3 Catalana d&#8217;Integraci\u00f3 i Desenvolupament Hum\u00e0, con domicilio en Calle de Siracusa, 53, 08012 Barcelona con CIF. n\u00ba G-60531100 e inscrita en el Registro de Fundaciones [&hellip;]","og_url":"https:\/\/acidh.org\/areahabitatge\/es\/aviso-legal\/","og_site_name":"\u00c0rea Habitatge","article_modified_time":"2017-11-22T11:51:34+00:00","twitter_card":"summary_large_image","twitter_misc":{"Temps estimat de lectura":"12 minuts"},"schema":{"@context":"https:\/\/schema.org","@graph":[{"@type":"WebPage","@id":"https:\/\/acidh.org\/areahabitatge\/es\/aviso-legal\/","url":"https:\/\/acidh.org\/areahabitatge\/es\/aviso-legal\/","name":"Aviso legal - \u00c0rea Habitatge","isPartOf":{"@id":"https:\/\/acidh.org\/areahabitatge\/#website"},"datePublished":"2015-10-12T07:28:54+00:00","dateModified":"2017-11-22T11:51:34+00:00","breadcrumb":{"@id":"https:\/\/acidh.org\/areahabitatge\/es\/aviso-legal\/#breadcrumb"},"inLanguage":"ca","potentialAction":[{"@type":"ReadAction","target":["https:\/\/acidh.org\/areahabitatge\/es\/aviso-legal\/"]}]},{"@type":"BreadcrumbList","@id":"https:\/\/acidh.org\/areahabitatge\/es\/aviso-legal\/#breadcrumb","itemListElement":[{"@type":"ListItem","position":1,"name":"Portada","item":"https:\/\/acidh.org\/areahabitatge\/"},{"@type":"ListItem","position":2,"name":"Aviso legal"}]},{"@type":"WebSite","@id":"https:\/\/acidh.org\/areahabitatge\/#website","url":"https:\/\/acidh.org\/areahabitatge\/","name":"\u00c0rea Habitatge","description":"AcidH","potentialAction":[{"@type":"SearchAction","target":{"@type":"EntryPoint","urlTemplate":"https:\/\/acidh.org\/areahabitatge\/?s={search_term_string}"},"query-input":{"@type":"PropertyValueSpecification","valueRequired":true,"valueName":"search_term_string"}}],"inLanguage":"ca"}]}},"_links":{"self":[{"href":"https:\/\/acidh.org\/areahabitatge\/wp-json\/wp\/v2\/pages\/307","targetHints":{"allow":["GET"]}}],"collection":[{"href":"https:\/\/acidh.org\/areahabitatge\/wp-json\/wp\/v2\/pages"}],"about":[{"href":"https:\/\/acidh.org\/areahabitatge\/wp-json\/wp\/v2\/types\/page"}],"author":[{"embeddable":true,"href":"https:\/\/acidh.org\/areahabitatge\/wp-json\/wp\/v2\/users\/3"}],"replies":[{"embeddable":true,"href":"https:\/\/acidh.org\/areahabitatge\/wp-json\/wp\/v2\/comments?post=307"}],"version-history":[{"count":2,"href":"https:\/\/acidh.org\/areahabitatge\/wp-json\/wp\/v2\/pages\/307\/revisions"}],"predecessor-version":[{"id":511,"href":"https:\/\/acidh.org\/areahabitatge\/wp-json\/wp\/v2\/pages\/307\/revisions\/511"}],"wp:attachment":[{"href":"https:\/\/acidh.org\/areahabitatge\/wp-json\/wp\/v2\/media?parent=307"}],"curies":[{"name":"wp","href":"https:\/\/api.w.org\/{rel}","templated":true}]}}