{"id":356,"date":"2015-10-12T07:59:58","date_gmt":"2015-10-12T07:59:58","guid":{"rendered":"https:\/\/www.acidh.org\/es\/arealleure\/politica-de-cookies-2\/"},"modified":"2015-10-25T16:53:42","modified_gmt":"2015-10-25T16:53:42","slug":"politica-de-cookies","status":"publish","type":"page","link":"https:\/\/acidh.org\/arealleure\/politica-de-cookies\/","title":{"rendered":"Pol\u00edtica de cookies"},"content":{"rendered":"<p>Aquest web utiliza <em>cookies<\/em>.<\/p>\n<p>Una <em>cookies<\/em> (o galeta inform\u00e0tica) \u00e9s una petita informaci\u00f3 enviada per un lloc web i emmagatzemada al navegador de l\u2019usuari, de manera que el lloc web pot consultar l\u2019activitat pr\u00e8via d\u2019aquest usuari.<\/p>\n<p>Les seves funcions principals s\u00f3n:<\/p>\n<ul>\n<li>Portar el control d\u2019usuaris: quan un usuari introdueix el seu nom d\u2019usuari i la contrasenya, s\u2019emmagatzema una cookie perqu\u00e8 no hagi d\u2019estar introduint-lo en cada p\u00e0gina del servidor. En canvi, una cookie no identifica nom\u00e9s una persona, sin\u00f3 una combinaci\u00f3 de computador \u2013 navegador \u2013 usuari.<\/li>\n<li>Aconseguir informaci\u00f3 sobre els h\u00e0bits de navegaci\u00f3 de l\u2019usuari, entre d\u2019altres.<\/li>\n<\/ul>\n<p>Aquest web utilitza <em>cookies<\/em> pr\u00f2pies.<\/p>\n<table>\n<tbody>\n<tr>\n<th>Tipus de cookie<\/th>\n<th>Finalitat<\/th>\n<\/tr>\n<tr>\n<td>Cookie d\u2019identificaci\u00f3<\/td>\n<td>Millorar la navegaci\u00f3<\/td>\n<\/tr>\n<tr>\n<td>Cookie de securimage<\/td>\n<td>Millorar la navegaci\u00f3<\/td>\n<\/tr>\n<\/tbody>\n<\/table>\n<p><em>Cookies<\/em> de tercers:<\/p>\n<table>\n<tbody>\n<tr>\n<th>Tipus de cookie<\/th>\n<th>Empresa<\/th>\n<th>Finalitat<\/th>\n<th>Informaci\u00f3<\/th>\n<\/tr>\n<tr>\n<td>_utma<br \/>\n_utmb<br \/>\n_utmc<br \/>\n_utmz<\/td>\n<td>Google<\/td>\n<td>Navegaci\u00f3 de forma an\u00f2nima que permet saber qu\u00e8 es consulta i com es navega.<\/td>\n<td><a href=\"http:\/\/www.google.es\/intl\/es\/analytics\/privacyoverview.html\">Google privacy<\/a><\/td>\n<\/tr>\n<tr>\n<td>Google Maps<\/td>\n<td>Google<\/td>\n<td>Cookie de localizaci\u00f3<\/td>\n<td><a href=\"http:\/\/www.google.com\/policies\/technologies\/cookies\/\">Google cookies<\/a><\/td>\n<\/tr>\n<\/tbody>\n<\/table>\n<p><em>Cookies<\/em> inserides per altres canals socials:<\/p>\n<table class=\"std\">\n<tbody>\n<tr>\n<th>Tipus de cookie<\/th>\n<th>Empresa<\/th>\n<th>Finalitat<\/th>\n<th>Informaci\u00f3<\/th>\n<\/tr>\n<tr>\n<td><\/td>\n<td>Twitter<\/td>\n<td>Visitant<\/td>\n<td><a href=\"https:\/\/twitter.com\/privacy\">Twitter privacy<\/a><\/td>\n<\/tr>\n<tr>\n<td><\/td>\n<td>Facebook<\/td>\n<td>Visitant<\/td>\n<td><a href=\"https:\/\/www.facebook.com\/help\/cookies\">Facebook cookies<\/a><\/td>\n<\/tr>\n<tr>\n<td><\/td>\n<td>Youtube<\/td>\n<td>Visitant<\/td>\n<td><a href=\"http:\/\/www.google.es\/intl\/es\/policies\/technologies\/cookies\/\">Google tech<\/a><\/td>\n<\/tr>\n<\/tbody>\n<\/table>\n<p>Gestionar <em>cookies<\/em><\/p>\n<p><strong>Vost\u00e8 pot permetre, bloquejar o eliminar les cookies instal\u00b7lades en el seu equipament mitjan\u00e7ant la configuraci\u00f3 de les opcions del navegador que hi t\u00e9 instal\u00b7lat.<\/strong><\/p>\n<p>Si no est\u00e0 segur sobre quin tipus de versi\u00f3 de navegador utilitza per a accedir a Internet:<\/p>\n<p><strong>Per a Windows<\/strong>: faci clic a \u201cAyuda\u201d (si el t\u00e9 configurat en catal\u00e0, a \u201cAjuda\u201d), a la part superior de la finestra del seu navegador i seleccioni l\u2019opci\u00f3 \u201cAcerca de\u201d (en catal\u00e0, \u201cQuant a\u201d).<\/p>\n<p><strong>Per a Mac<\/strong>: amb la finestra del navegador oberta, faci clic al men\u00fa d\u2019\u201dApple\u201d i seleccioni l\u2019opci\u00f3 \u201cAcerca de\u2026\u201d (en catal\u00e0, \u201cQuant a\u201d).<\/p>\n<p><strong>Com gestionar les cookies amb Windows<\/strong><\/p>\n<ul>\n<li><a href=\"http:\/\/support.google.com\/chrome\/bin\/answer.py?hl=es&amp;answer=95647\">Chrome<\/a><\/li>\n<li><a href=\"http:\/\/support.mozilla.org\/es\/kb\/habilitar-y-deshabilitar-cookies-que-los-sitios-we\">Explorer<\/a><\/li>\n<li><a href=\"http:\/\/support.mozilla.org\/es\/kb\/habilitar-y-deshabilitar-cookies-que-los-sitios-we\">Firefox<\/a><\/li>\n<li><a href=\"http:\/\/support.apple.com\/kb\/ph5042\">Safari<\/a><\/li>\n<li><a href=\"http:\/\/support.apple.com\/kb\/HT1677?viewlocale=es_ES&amp;locale=es_ES\">Safari para IOS<\/a><\/li>\n<li><a href=\"http:\/\/help.opera.com\/Windows\/11.50\/es-ES\/cookies.html\">Opera<\/a><\/li>\n<\/ul>\n<p>&nbsp;<\/p>\n","protected":false},"excerpt":{"rendered":"<p>Aquest web utiliza cookies. Una cookies (o galeta inform\u00e0tica) \u00e9s una petita informaci\u00f3 enviada per un lloc web i emmagatzemada al navegador de l\u2019usuari, de manera que el lloc web pot consultar l\u2019activitat pr\u00e8via d\u2019aquest usuari. Les seves funcions principals s\u00f3n: Portar el control d\u2019usuaris: quan un usuari introdueix el seu nom d\u2019usuari i la [&hellip;]<\/p>\n","protected":false},"author":1,"featured_media":0,"parent":0,"menu_order":0,"comment_status":"closed","ping_status":"closed","template":"page-template-blank.php","meta":{"_et_pb_use_builder":"","_et_pb_old_content":"","_et_gb_content_width":"","footnotes":""},"class_list":["post-356","page","type-page","status-publish","hentry"],"yoast_head":"<!-- This site is optimized with the Yoast SEO plugin v26.9 - https:\/\/yoast.com\/product\/yoast-seo-wordpress\/ -->\n<title>Pol\u00edtica de cookies - \u00c0rea Lleure<\/title>\n<meta name=\"robots\" content=\"index, follow, max-snippet:-1, max-image-preview:large, max-video-preview:-1\" \/>\n<link rel=\"canonical\" href=\"https:\/\/acidh.org\/arealleure\/es\/politica-de-cookies\/\" \/>\n<meta property=\"og:locale\" content=\"ca_ES\" \/>\n<meta property=\"og:type\" content=\"article\" \/>\n<meta property=\"og:title\" content=\"Pol\u00edtica de cookies - \u00c0rea Lleure\" \/>\n<meta property=\"og:description\" content=\"Aquest web utiliza cookies. Una cookies (o galeta inform\u00e0tica) \u00e9s una petita informaci\u00f3 enviada per un lloc web i emmagatzemada al navegador de l\u2019usuari, de manera que el lloc web pot consultar l\u2019activitat pr\u00e8via d\u2019aquest usuari. Les seves funcions principals s\u00f3n: Portar el control d\u2019usuaris: quan un usuari introdueix el seu nom d\u2019usuari i la [&hellip;]\" \/>\n<meta property=\"og:url\" content=\"https:\/\/acidh.org\/arealleure\/es\/politica-de-cookies\/\" \/>\n<meta property=\"og:site_name\" content=\"\u00c0rea Lleure\" \/>\n<meta property=\"article:modified_time\" content=\"2015-10-25T16:53:42+00:00\" \/>\n<meta name=\"twitter:card\" content=\"summary_large_image\" \/>\n<meta name=\"twitter:label1\" content=\"Temps estimat de lectura\" \/>\n\t<meta name=\"twitter:data1\" content=\"2 minuts\" \/>\n<script type=\"application\/ld+json\" class=\"yoast-schema-graph\">{\"@context\":\"https:\/\/schema.org\",\"@graph\":[{\"@type\":\"WebPage\",\"@id\":\"https:\/\/acidh.org\/arealleure\/es\/politica-de-cookies\/\",\"url\":\"https:\/\/acidh.org\/arealleure\/es\/politica-de-cookies\/\",\"name\":\"Pol\u00edtica de cookies - \u00c0rea Lleure\",\"isPartOf\":{\"@id\":\"https:\/\/acidh.org\/arealleure\/#website\"},\"datePublished\":\"2015-10-12T07:59:58+00:00\",\"dateModified\":\"2015-10-25T16:53:42+00:00\",\"breadcrumb\":{\"@id\":\"https:\/\/acidh.org\/arealleure\/es\/politica-de-cookies\/#breadcrumb\"},\"inLanguage\":\"ca\",\"potentialAction\":[{\"@type\":\"ReadAction\",\"target\":[\"https:\/\/acidh.org\/arealleure\/es\/politica-de-cookies\/\"]}]},{\"@type\":\"BreadcrumbList\",\"@id\":\"https:\/\/acidh.org\/arealleure\/es\/politica-de-cookies\/#breadcrumb\",\"itemListElement\":[{\"@type\":\"ListItem\",\"position\":1,\"name\":\"Portada\",\"item\":\"https:\/\/acidh.org\/arealleure\/\"},{\"@type\":\"ListItem\",\"position\":2,\"name\":\"Pol\u00edtica de cookies\"}]},{\"@type\":\"WebSite\",\"@id\":\"https:\/\/acidh.org\/arealleure\/#website\",\"url\":\"https:\/\/acidh.org\/arealleure\/\",\"name\":\"\u00c0rea Lleure\",\"description\":\"AcidH\",\"potentialAction\":[{\"@type\":\"SearchAction\",\"target\":{\"@type\":\"EntryPoint\",\"urlTemplate\":\"https:\/\/acidh.org\/arealleure\/?s={search_term_string}\"},\"query-input\":{\"@type\":\"PropertyValueSpecification\",\"valueRequired\":true,\"valueName\":\"search_term_string\"}}],\"inLanguage\":\"ca\"}]}<\/script>\n<!-- \/ Yoast SEO plugin. -->","yoast_head_json":{"title":"Pol\u00edtica de cookies - \u00c0rea Lleure","robots":{"index":"index","follow":"follow","max-snippet":"max-snippet:-1","max-image-preview":"max-image-preview:large","max-video-preview":"max-video-preview:-1"},"canonical":"https:\/\/acidh.org\/arealleure\/es\/politica-de-cookies\/","og_locale":"ca_ES","og_type":"article","og_title":"Pol\u00edtica de cookies - \u00c0rea Lleure","og_description":"Aquest web utiliza cookies. Una cookies (o galeta inform\u00e0tica) \u00e9s una petita informaci\u00f3 enviada per un lloc web i emmagatzemada al navegador de l\u2019usuari, de manera que el lloc web pot consultar l\u2019activitat pr\u00e8via d\u2019aquest usuari. Les seves funcions principals s\u00f3n: Portar el control d\u2019usuaris: quan un usuari introdueix el seu nom d\u2019usuari i la [&hellip;]","og_url":"https:\/\/acidh.org\/arealleure\/es\/politica-de-cookies\/","og_site_name":"\u00c0rea Lleure","article_modified_time":"2015-10-25T16:53:42+00:00","twitter_card":"summary_large_image","twitter_misc":{"Temps estimat de lectura":"2 minuts"},"schema":{"@context":"https:\/\/schema.org","@graph":[{"@type":"WebPage","@id":"https:\/\/acidh.org\/arealleure\/es\/politica-de-cookies\/","url":"https:\/\/acidh.org\/arealleure\/es\/politica-de-cookies\/","name":"Pol\u00edtica de cookies - \u00c0rea Lleure","isPartOf":{"@id":"https:\/\/acidh.org\/arealleure\/#website"},"datePublished":"2015-10-12T07:59:58+00:00","dateModified":"2015-10-25T16:53:42+00:00","breadcrumb":{"@id":"https:\/\/acidh.org\/arealleure\/es\/politica-de-cookies\/#breadcrumb"},"inLanguage":"ca","potentialAction":[{"@type":"ReadAction","target":["https:\/\/acidh.org\/arealleure\/es\/politica-de-cookies\/"]}]},{"@type":"BreadcrumbList","@id":"https:\/\/acidh.org\/arealleure\/es\/politica-de-cookies\/#breadcrumb","itemListElement":[{"@type":"ListItem","position":1,"name":"Portada","item":"https:\/\/acidh.org\/arealleure\/"},{"@type":"ListItem","position":2,"name":"Pol\u00edtica de cookies"}]},{"@type":"WebSite","@id":"https:\/\/acidh.org\/arealleure\/#website","url":"https:\/\/acidh.org\/arealleure\/","name":"\u00c0rea Lleure","description":"AcidH","potentialAction":[{"@type":"SearchAction","target":{"@type":"EntryPoint","urlTemplate":"https:\/\/acidh.org\/arealleure\/?s={search_term_string}"},"query-input":{"@type":"PropertyValueSpecification","valueRequired":true,"valueName":"search_term_string"}}],"inLanguage":"ca"}]}},"_links":{"self":[{"href":"https:\/\/acidh.org\/arealleure\/wp-json\/wp\/v2\/pages\/356","targetHints":{"allow":["GET"]}}],"collection":[{"href":"https:\/\/acidh.org\/arealleure\/wp-json\/wp\/v2\/pages"}],"about":[{"href":"https:\/\/acidh.org\/arealleure\/wp-json\/wp\/v2\/types\/page"}],"author":[{"embeddable":true,"href":"https:\/\/acidh.org\/arealleure\/wp-json\/wp\/v2\/users\/1"}],"replies":[{"embeddable":true,"href":"https:\/\/acidh.org\/arealleure\/wp-json\/wp\/v2\/comments?post=356"}],"version-history":[{"count":1,"href":"https:\/\/acidh.org\/arealleure\/wp-json\/wp\/v2\/pages\/356\/revisions"}],"predecessor-version":[{"id":357,"href":"https:\/\/acidh.org\/arealleure\/wp-json\/wp\/v2\/pages\/356\/revisions\/357"}],"wp:attachment":[{"href":"https:\/\/acidh.org\/arealleure\/wp-json\/wp\/v2\/media?parent=356"}],"curies":[{"name":"wp","href":"https:\/\/api.w.org\/{rel}","templated":true}]}}