{"id":717,"date":"2016-07-06T08:07:34","date_gmt":"2016-07-06T08:07:34","guid":{"rendered":"https:\/\/www.acidh.org\/areapsicosocial\/tuteles-pretuteles-assessorament-families\/"},"modified":"2025-03-05T16:21:23","modified_gmt":"2025-03-05T16:21:23","slug":"tuteles-pretuteles-assessorament-families","status":"publish","type":"page","link":"https:\/\/acidh.org\/areapsicosocial\/tuteles-pretuteles-assessorament-families\/","title":{"rendered":"Tuteles, Pretuteles, Assessorament fam\u00edlies"},"content":{"rendered":"<p>[et_pb_section fb_built=&#8221;1&#8243; specialty=&#8221;on&#8221; admin_label=&#8221;Secci\u00f3n&#8221; _builder_version=&#8221;4.16&#8243; global_colors_info=&#8221;{}&#8221;][et_pb_column type=&#8221;3_4&#8243; specialty_columns=&#8221;3&#8243; _builder_version=&#8221;4.16&#8243; custom_padding=&#8221;|||&#8221; global_colors_info=&#8221;{}&#8221; custom_padding__hover=&#8221;|||&#8221;][et_pb_row_inner admin_label=&#8221;Fila&#8221; _builder_version=&#8221;4.16&#8243; global_colors_info=&#8221;{}&#8221;][et_pb_column_inner saved_specialty_column_type=&#8221;3_4&#8243; _builder_version=&#8221;4.16&#8243; custom_padding=&#8221;|||&#8221; global_colors_info=&#8221;{}&#8221; custom_padding__hover=&#8221;|||&#8221;][et_pb_text admin_label=&#8221;Texto&#8221; _builder_version=&#8221;4.27.4&#8243; background_size=&#8221;initial&#8221; background_position=&#8221;top_left&#8221; background_repeat=&#8221;repeat&#8221; hover_enabled=&#8221;0&#8243; use_border_color=&#8221;off&#8221; border_color=&#8221;#ffffff&#8221; border_style=&#8221;solid&#8221; global_colors_info=&#8221;{}&#8221; sticky_enabled=&#8221;0&#8243;]<\/p>\n<p>&nbsp;<\/p>\n<h1>Fundaci\u00f3 acidH: donem suports<\/h1>\n<p>Cobrim les necessitats de suport i protecci\u00f3.<br \/>Garantim els drets personals i patrimonials, i<br \/>promovem l\u2019autonomia de les persones amb FIL.<\/p>\n<h3>Servei de suport a l&#8217;exercici de la capacitat jur\u00eddica<\/h3>\n<p>T\u00e9 per objectiu cobrir les necessitats de suport, protecci\u00f3 i garantia dels drets personals i patrimonials i promoure l&#8217;autonomia de les persones amb funcionament intel\u2022lectual l\u00edmit amb mesures de suport judicials o notarials en els termes que estableixi la corresponent resoluci\u00f3 judicial o escriptura. El servei vetlla per a que les persones amb necessitats de suport gaudeixin d&#8217;un desenvolupament integral que afavoreixi la seva inclusi\u00f3 i participaci\u00f3 plena en tots els \u00e0mbits de la vida social.<\/p>\n<h3>Servei de suport futur<\/h3>\n<p>Assessora i prepara a aquelles persones i fam\u00edlies que han optat per a que en el futur sigui la Fundaci\u00f3 acidH la que exerceixi l&#8217;assist\u00e8ncia cap al seu familiar. Assumeix el comprom\u00eds i la responsabilitat amb la persona, la fam\u00edlia i la societat de que un cop els pares-assistents no hi siguin la Fundaci\u00f3 acceptar\u00e0 el c\u00e0rrec de suport.<\/p>\n<h3>Servei suport sociojur\u00eddic a les fam\u00edlies<\/h3>\n<p>Ofereix informaci\u00f3 i assessorament sobre les figures jur\u00eddiques de protecci\u00f3 i els seus procediments: provisi\u00f3 de suports, exercici del c\u00e0rrec, etc&#8230; Tamb\u00e9 assessora i informa sobre les entitats de suport i els recursos socials adre\u00e7ats a les persones amb funcionament intel\u2022lectual l\u00edmit o discapacitat intel\u2022lectual lleu.<\/p>\n<h4>Ens trobareu a:<\/h4>\n<p>Fundaci\u00f3 Tutelar acidH<br \/>C\/ Ventall\u00f3, 27 \u2013 29<br \/>08025 Barcelona<br \/>T 93 219 36 51<\/p>\n<p>O mitjan\u00e7ant el <a href=\"https:\/\/acidh.org\/contacta\/\" target=\"_blank\" rel=\"noopener\">formulari de contacte<\/a><\/p>\n<div id=\"gtx-trans\" style=\"position: absolute; left: 119px; top: 771.675px;\">\n<div class=\"gtx-trans-icon\">\u00a0<\/div>\n<\/div>\n<p>[\/et_pb_text][\/et_pb_column_inner][\/et_pb_row_inner][\/et_pb_column][et_pb_column type=&#8221;1_4&#8243; _builder_version=&#8221;4.16&#8243; custom_padding=&#8221;|||&#8221; global_colors_info=&#8221;{}&#8221; custom_padding__hover=&#8221;|||&#8221;][\/et_pb_column][\/et_pb_section]<\/p>\n","protected":false},"excerpt":{"rendered":"<p>&nbsp; Fundaci\u00f3 acidH: donem suports Cobrim les necessitats de suport i protecci\u00f3.Garantim els drets personals i patrimonials, ipromovem l\u2019autonomia de les persones amb FIL. Servei de suport a l&#8217;exercici de la capacitat jur\u00eddica T\u00e9 per objectiu cobrir les necessitats de suport, protecci\u00f3 i garantia dels drets personals i patrimonials i promoure l&#8217;autonomia de les persones [&hellip;]<\/p>\n","protected":false},"author":1,"featured_media":0,"parent":0,"menu_order":0,"comment_status":"open","ping_status":"open","template":"","meta":{"_et_pb_use_builder":"on","_et_pb_old_content":"<p>[et_pb_section fullwidth=\"off\" specialty=\"on\" admin_label=\"Secci\u00f3n\" template_type=\"\"][et_pb_column type=\"3_4\" specialty_columns=\"3\"][et_pb_row_inner admin_label=\"Fila\"][et_pb_column_inner type=\"4_4\" saved_specialty_column_type=\"3_4\"][et_pb_text admin_label=\"Texto\" background_layout=\"light\" text_orientation=\"left\" use_border_color=\"off\" border_color=\"#ffffff\" border_style=\"solid\"]<\/p><h1>Tutelas, Pretutelas;Asesoramiento familias<\/h1><p>[\/et_pb_text][\/et_pb_column_inner][\/et_pb_row_inner][\/et_pb_column][et_pb_column type=\"1_4\"][\/et_pb_column][\/et_pb_section]<\/p>","_et_gb_content_width":"","footnotes":""},"class_list":["post-717","page","type-page","status-publish","hentry"],"yoast_head":"<!-- This site is optimized with the Yoast SEO plugin v26.9 - https:\/\/yoast.com\/product\/yoast-seo-wordpress\/ -->\n<title>Tuteles, Pretuteles, Assessorament fam\u00edlies - \u00c0rea Psicosocial<\/title>\n<meta name=\"robots\" content=\"index, follow, max-snippet:-1, max-image-preview:large, max-video-preview:-1\" \/>\n<link rel=\"canonical\" href=\"https:\/\/acidh.org\/areapsicosocial\/es\/tuteles-pretuteles-assessorament-families\/\" \/>\n<meta property=\"og:locale\" content=\"ca_ES\" \/>\n<meta property=\"og:type\" content=\"article\" \/>\n<meta property=\"og:title\" content=\"Tuteles, Pretuteles, Assessorament fam\u00edlies - \u00c0rea Psicosocial\" \/>\n<meta property=\"og:description\" content=\"&nbsp; Fundaci\u00f3 acidH: donem suports Cobrim les necessitats de suport i protecci\u00f3.Garantim els drets personals i patrimonials, ipromovem l\u2019autonomia de les persones amb FIL. Servei de suport a l&#039;exercici de la capacitat jur\u00eddica T\u00e9 per objectiu cobrir les necessitats de suport, protecci\u00f3 i garantia dels drets personals i patrimonials i promoure l&#039;autonomia de les persones [&hellip;]\" \/>\n<meta property=\"og:url\" content=\"https:\/\/acidh.org\/areapsicosocial\/es\/tuteles-pretuteles-assessorament-families\/\" \/>\n<meta property=\"og:site_name\" content=\"\u00c0rea Psicosocial\" \/>\n<meta property=\"article:modified_time\" content=\"2025-03-05T16:21:23+00:00\" \/>\n<meta name=\"twitter:card\" content=\"summary_large_image\" \/>\n<meta name=\"twitter:label1\" content=\"Temps estimat de lectura\" \/>\n\t<meta name=\"twitter:data1\" content=\"2 minuts\" \/>\n<script type=\"application\/ld+json\" class=\"yoast-schema-graph\">{\"@context\":\"https:\/\/schema.org\",\"@graph\":[{\"@type\":\"WebPage\",\"@id\":\"https:\/\/acidh.org\/areapsicosocial\/es\/tuteles-pretuteles-assessorament-families\/\",\"url\":\"https:\/\/acidh.org\/areapsicosocial\/es\/tuteles-pretuteles-assessorament-families\/\",\"name\":\"Tuteles, Pretuteles, Assessorament fam\u00edlies - \u00c0rea Psicosocial\",\"isPartOf\":{\"@id\":\"https:\/\/acidh.org\/areapsicosocial\/#website\"},\"datePublished\":\"2016-07-06T08:07:34+00:00\",\"dateModified\":\"2025-03-05T16:21:23+00:00\",\"breadcrumb\":{\"@id\":\"https:\/\/acidh.org\/areapsicosocial\/es\/tuteles-pretuteles-assessorament-families\/#breadcrumb\"},\"inLanguage\":\"ca\",\"potentialAction\":[{\"@type\":\"ReadAction\",\"target\":[\"https:\/\/acidh.org\/areapsicosocial\/es\/tuteles-pretuteles-assessorament-families\/\"]}]},{\"@type\":\"BreadcrumbList\",\"@id\":\"https:\/\/acidh.org\/areapsicosocial\/es\/tuteles-pretuteles-assessorament-families\/#breadcrumb\",\"itemListElement\":[{\"@type\":\"ListItem\",\"position\":1,\"name\":\"Portada\",\"item\":\"https:\/\/acidh.org\/areapsicosocial\/\"},{\"@type\":\"ListItem\",\"position\":2,\"name\":\"Tuteles, Pretuteles, Assessorament fam\u00edlies\"}]},{\"@type\":\"WebSite\",\"@id\":\"https:\/\/acidh.org\/areapsicosocial\/#website\",\"url\":\"https:\/\/acidh.org\/areapsicosocial\/\",\"name\":\"\u00c0rea Psicosocial\",\"description\":\"AcidH\",\"potentialAction\":[{\"@type\":\"SearchAction\",\"target\":{\"@type\":\"EntryPoint\",\"urlTemplate\":\"https:\/\/acidh.org\/areapsicosocial\/?s={search_term_string}\"},\"query-input\":{\"@type\":\"PropertyValueSpecification\",\"valueRequired\":true,\"valueName\":\"search_term_string\"}}],\"inLanguage\":\"ca\"}]}<\/script>\n<!-- \/ Yoast SEO plugin. -->","yoast_head_json":{"title":"Tuteles, Pretuteles, Assessorament fam\u00edlies - \u00c0rea Psicosocial","robots":{"index":"index","follow":"follow","max-snippet":"max-snippet:-1","max-image-preview":"max-image-preview:large","max-video-preview":"max-video-preview:-1"},"canonical":"https:\/\/acidh.org\/areapsicosocial\/es\/tuteles-pretuteles-assessorament-families\/","og_locale":"ca_ES","og_type":"article","og_title":"Tuteles, Pretuteles, Assessorament fam\u00edlies - \u00c0rea Psicosocial","og_description":"&nbsp; Fundaci\u00f3 acidH: donem suports Cobrim les necessitats de suport i protecci\u00f3.Garantim els drets personals i patrimonials, ipromovem l\u2019autonomia de les persones amb FIL. Servei de suport a l'exercici de la capacitat jur\u00eddica T\u00e9 per objectiu cobrir les necessitats de suport, protecci\u00f3 i garantia dels drets personals i patrimonials i promoure l'autonomia de les persones [&hellip;]","og_url":"https:\/\/acidh.org\/areapsicosocial\/es\/tuteles-pretuteles-assessorament-families\/","og_site_name":"\u00c0rea Psicosocial","article_modified_time":"2025-03-05T16:21:23+00:00","twitter_card":"summary_large_image","twitter_misc":{"Temps estimat de lectura":"2 minuts"},"schema":{"@context":"https:\/\/schema.org","@graph":[{"@type":"WebPage","@id":"https:\/\/acidh.org\/areapsicosocial\/es\/tuteles-pretuteles-assessorament-families\/","url":"https:\/\/acidh.org\/areapsicosocial\/es\/tuteles-pretuteles-assessorament-families\/","name":"Tuteles, Pretuteles, Assessorament fam\u00edlies - \u00c0rea Psicosocial","isPartOf":{"@id":"https:\/\/acidh.org\/areapsicosocial\/#website"},"datePublished":"2016-07-06T08:07:34+00:00","dateModified":"2025-03-05T16:21:23+00:00","breadcrumb":{"@id":"https:\/\/acidh.org\/areapsicosocial\/es\/tuteles-pretuteles-assessorament-families\/#breadcrumb"},"inLanguage":"ca","potentialAction":[{"@type":"ReadAction","target":["https:\/\/acidh.org\/areapsicosocial\/es\/tuteles-pretuteles-assessorament-families\/"]}]},{"@type":"BreadcrumbList","@id":"https:\/\/acidh.org\/areapsicosocial\/es\/tuteles-pretuteles-assessorament-families\/#breadcrumb","itemListElement":[{"@type":"ListItem","position":1,"name":"Portada","item":"https:\/\/acidh.org\/areapsicosocial\/"},{"@type":"ListItem","position":2,"name":"Tuteles, Pretuteles, Assessorament fam\u00edlies"}]},{"@type":"WebSite","@id":"https:\/\/acidh.org\/areapsicosocial\/#website","url":"https:\/\/acidh.org\/areapsicosocial\/","name":"\u00c0rea Psicosocial","description":"AcidH","potentialAction":[{"@type":"SearchAction","target":{"@type":"EntryPoint","urlTemplate":"https:\/\/acidh.org\/areapsicosocial\/?s={search_term_string}"},"query-input":{"@type":"PropertyValueSpecification","valueRequired":true,"valueName":"search_term_string"}}],"inLanguage":"ca"}]}},"_links":{"self":[{"href":"https:\/\/acidh.org\/areapsicosocial\/wp-json\/wp\/v2\/pages\/717","targetHints":{"allow":["GET"]}}],"collection":[{"href":"https:\/\/acidh.org\/areapsicosocial\/wp-json\/wp\/v2\/pages"}],"about":[{"href":"https:\/\/acidh.org\/areapsicosocial\/wp-json\/wp\/v2\/types\/page"}],"author":[{"embeddable":true,"href":"https:\/\/acidh.org\/areapsicosocial\/wp-json\/wp\/v2\/users\/1"}],"replies":[{"embeddable":true,"href":"https:\/\/acidh.org\/areapsicosocial\/wp-json\/wp\/v2\/comments?post=717"}],"version-history":[{"count":2,"href":"https:\/\/acidh.org\/areapsicosocial\/wp-json\/wp\/v2\/pages\/717\/revisions"}],"predecessor-version":[{"id":743,"href":"https:\/\/acidh.org\/areapsicosocial\/wp-json\/wp\/v2\/pages\/717\/revisions\/743"}],"wp:attachment":[{"href":"https:\/\/acidh.org\/areapsicosocial\/wp-json\/wp\/v2\/media?parent=717"}],"curies":[{"name":"wp","href":"https:\/\/api.w.org\/{rel}","templated":true}]}}