{"id":1036,"date":"2019-03-04T18:47:31","date_gmt":"2019-03-04T18:47:31","guid":{"rendered":"https:\/\/www.acidh.org\/voluntariat\/?page_id=1036"},"modified":"2020-10-01T09:07:10","modified_gmt":"2020-10-01T09:07:10","slug":"voluntariat-sense-limits","status":"publish","type":"page","link":"https:\/\/acidh.org\/voluntariat\/voluntariat-sense-limits\/","title":{"rendered":"Voluntariat sense l\u00edmits"},"content":{"rendered":"<p>[et_pb_section fb_built=\u00bb1&#8243; _builder_version=\u00bb3.22.3&#8243;][et_pb_row _builder_version=\u00bb3.25&#8243; background_size=\u00bbinitial\u00bb background_position=\u00bbtop_left\u00bb background_repeat=\u00bbrepeat\u00bb][et_pb_column type=\u00bb4_4&#8243; _builder_version=\u00bb3.25&#8243; custom_padding=\u00bb|||\u00bb custom_padding__hover=\u00bb|||\u00bb][et_pb_text _builder_version=\u00bb3.27.4&#8243; custom_margin=\u00bb||2px|||\u00bb custom_padding=\u00bb||2px|||\u00bb]<\/p>\n<h2><span style=\"font-size: x-large\">Voluntariat sense l\u00edmits<\/span><\/h2>\n<p>\u00a0<span style=\"font-size: 14px\">El Voluntariat sense L\u00edmits \u00e9s un nou servei innovador dirigit al col\u00b7lectiu de persones amb intel\u00b7lig\u00e8ncia l\u00edmit (IL) que fomenta la seva participaci\u00f3 i la igualtat d&#8217;oportunitats.<\/span><\/p>\n<p>Aquest servei neix amb l\u2019objectiu d\u2019oferir l\u2019oportunitat d\u2019exercir una tasca de voluntariat en un entorn normalitzat per potenciar la promoci\u00f3 de la seva autonomia personal i treballar amb la visi\u00f3 estigmatitzada d\u2019aquest col\u00b7lectiu. El tret innovador consisteix en que es donar\u00e0 formaci\u00f3 i suport continuat als voluntaris\/es i a les entitats on exerceixin la seva tasca per garantir l\u2019\u00e8xit.<\/p>\n<p><strong>A qui va dirigit?<\/strong><\/p>\n<p>Persones amb IL que tinguin ganes de participar m\u00e9s activament en propostes de voluntariat.<\/p>\n<p>Organitzacions interessades en el voluntariat inclusiu<\/p>\n<p><strong style=\"font-size: 14px\">Tasques actuals:<\/strong><\/p>\n<ul>\n<li>Cura d\u2019animals<\/li>\n<li>Atenci\u00f3 a les persones grans<\/li>\n<li>Participaci\u00f3 en la vida comunit\u00e0ria del barri<\/li>\n<li>Organitzaci\u00f3 de festes i esdeveniments i atenci\u00f3 al p\u00fablic.<\/li>\n<\/ul>\n<p>\u00a0<span style=\"font-size: 14px\">Fer voluntariat ens ajuda a estructurar el nostre temps i adquirir un comprom\u00eds i una rutina.\u00a0\u00a0\u00a0\u00a0 Desenvolupem la nostra personalitat sentint-nos m\u00e9s \u00fatil i alhora creant-nos una imatge m\u00e9s positiva de nosaltres mateixos. \u00c9s un aprenentatge vivencial que enriqueix el dia a dia de les persones participants on es fomenta la participaci\u00f3 activa en la societat.<\/span><\/p>\n<p><span style=\"font-size: 14px\">El servei est\u00e0 estructurat en 4 fases:<\/span><\/p>\n<ol>\n<li><strong><span>Recerca i preparaci\u00f3 del voluntariat:<\/span><\/strong><span> es fa una entrevista per con\u00e8ixer els seus interessos, habilitats i compet\u00e8ncies identificant una ocupaci\u00f3 adequada.<\/span><\/li>\n<li><strong><span>Recerca d\u2019espais de voluntariat:<\/span><\/strong><span> recerca d\u2019espais amb qui fer alian\u00e7a per a la inserci\u00f3 del voluntari\/a. <\/span><\/li>\n<li><strong><span>Acollida:<\/span><\/strong><span> La persona referent presenta i acompanyar\u00e0 al voluntari\/a a l\u2019entitat d\u2019acollida.<\/span><\/li>\n<li><strong><span>Suport continuat:<\/span><\/strong><span> es realitza la tasca d\u2019acompanyament continuat en tot el proc\u00e8s a ambdues parts per garantir una adaptaci\u00f3 adequada. La temporalitat, intensitat i durada del suport depen de les seves necessitats.<\/span><\/li>\n<\/ol>\n<p><u><span>\u00a0<\/span><\/u><\/p>\n<p>Voluntariat accessible, voluntariat sense l\u00edmits!<\/p>\n<p>Contacta amb nosaltres:<\/p>\n<p>Lorena Guasch, lguasch@acidh.org <br \/>93 457 41 72<br \/> Carrer Sta. Eul\u00e0lia 5-9<br \/> <strong><a href=\"http:\/\/www.acidh.org\"><\/a><\/strong><strong><a href=\"http:\/\/www.acidh.org\">www.acidh.org<\/a><\/strong><\/p>\n<p><span style=\"font-size: 14px\"><\/span><\/p>\n<p><span style=\"font-size: 14px\">Per un voluntariat inclusiu.<\/span><\/p>\n<p><span style=\"font-size: 14px\">Fem una societat millor!<\/span><\/p>\n<p><span style=\"font-size: 14px\"><\/span><\/p>\n<p><span><\/span><\/p>\n<p>[\/et_pb_text][\/et_pb_column][\/et_pb_row][et_pb_row column_structure=\u00bb1_2,1_2&#8243; _builder_version=\u00bb3.25&#8243; background_size=\u00bbinitial\u00bb background_position=\u00bbtop_left\u00bb background_repeat=\u00bbrepeat\u00bb custom_margin=\u00bb-14px|auto||auto||\u00bb][et_pb_column type=\u00bb1_2&#8243; _builder_version=\u00bb3.0.47&#8243; custom_padding=\u00bb|||\u00bb custom_padding__hover=\u00bb|||\u00bb][et_pb_text _builder_version=\u00bb4.6.5&#8243; _module_preset=\u00bbdefault\u00bb hover_enabled=\u00bb0&#8243; sticky_enabled=\u00bb0&#8243;]<\/p>\n<h3>Amb el suport de:<\/h3>\n<p>[\/et_pb_text][et_pb_image src=\u00bbhttps:\/\/acidh.org\/voluntariat\/wp-content\/uploads\/sites\/20\/2019\/07\/Llimes_reduides-02_RGB.jpg\u00bb url=\u00bbhttps:\/\/ajuntament.barcelona.cat\/es\/\u00bb _builder_version=\u00bb4.6.5&#8243; module_alignment=\u00bbleft\u00bb custom_margin=\u00bb-25px||2px||false|false\u00bb hover_enabled=\u00bb0&#8243; z_index_tablet=\u00bb500&#8243; box_shadow_horizontal_tablet=\u00bb0px\u00bb box_shadow_vertical_tablet=\u00bb0px\u00bb box_shadow_blur_tablet=\u00bb40px\u00bb box_shadow_spread_tablet=\u00bb0px\u00bb sticky_enabled=\u00bb0&#8243; width=\u00bb54.9%\u00bb max_width=\u00bb100%\u00bb custom_padding=\u00bb||||false|false\u00bb]<\/p>\n<p>[\/et_pb_image][et_pb_text _builder_version=\u00bb4.6.5&#8243; _module_preset=\u00bbdefault\u00bb hover_enabled=\u00bb0&#8243; sticky_enabled=\u00bb0&#8243; custom_padding=\u00bb0px||||false|false\u00bb custom_margin=\u00bb2px||||false|false\u00bb text_font_size=\u00bb18px\u00bb]<\/p>\n<p>\u00a0Direcci\u00f3 de Serveis d\u2019Acci\u00f3 Comunit\u00e0ria<\/p>\n<p>[\/et_pb_text][\/et_pb_column][et_pb_column type=\u00bb1_2&#8243; _builder_version=\u00bb3.0.47&#8243; custom_padding=\u00bb|||\u00bb custom_padding__hover=\u00bb|||\u00bb][et_pb_text _builder_version=\u00bb4.6.5&#8243; _module_preset=\u00bbdefault\u00bb hover_enabled=\u00bb0&#8243; sticky_enabled=\u00bb0&#8243; custom_margin=\u00bb||12px|||\u00bb]<\/p>\n<h3>Amb el suport de:<\/h3>\n<p>[\/et_pb_text][et_pb_image src=\u00bbhttps:\/\/acidh.org\/voluntariat\/wp-content\/uploads\/sites\/20\/2019\/11\/Generalitat.png\u00bb url=\u00bbhttps:\/\/treballiaferssocials.gencat.cat\/ca\/inici\/index.html\u00bb _builder_version=\u00bb4.6.5&#8243; custom_margin=\u00bb3px||||false|false\u00bb hover_enabled=\u00bb0&#8243; z_index_tablet=\u00bb500&#8243; box_shadow_horizontal_tablet=\u00bb0px\u00bb box_shadow_vertical_tablet=\u00bb0px\u00bb box_shadow_blur_tablet=\u00bb40px\u00bb box_shadow_spread_tablet=\u00bb0px\u00bb width=\u00bb74%\u00bb sticky_enabled=\u00bb0&#8243; custom_padding=\u00bb|||4px|false|false\u00bb][\/et_pb_image][\/et_pb_column][\/et_pb_row][et_pb_row column_structure=\u00bb1_2,1_2&#8243; _builder_version=\u00bb4.6.5&#8243; background_size=\u00bbinitial\u00bb background_position=\u00bbtop_left\u00bb background_repeat=\u00bbrepeat\u00bb hover_enabled=\u00bb0&#8243; custom_margin=\u00bb31px||||false|false\u00bb sticky_enabled=\u00bb0&#8243;][et_pb_column type=\u00bb1_2&#8243; _builder_version=\u00bb3.25&#8243; custom_padding=\u00bb|||\u00bb custom_padding__hover=\u00bb|||\u00bb][et_pb_testimonial author=\u00bbJosep Manel Llario\u00bb job_title=\u00bb67 anys\u00bb _builder_version=\u00bb3.19.18&#8243;]<\/p>\n<p>Portava temps volent fer un voluntariat per\u00f2 no sabia on fer-ho ni com buscar-ho. Estic molt il\u00b7lusionat perqu\u00e8 m&#8217;estan ajudant a aconseguir-ho.<\/p>\n<p>M&#8217;agradaria poder col\u00b7laborar amb nens o animals i poder ajudar a qui ho necessiti. Ja falta menys!<\/p>\n<p>[\/et_pb_testimonial][\/et_pb_column][et_pb_column type=\u00bb1_2&#8243; _builder_version=\u00bb3.25&#8243; custom_padding=\u00bb|||\u00bb custom_padding__hover=\u00bb|||\u00bb][et_pb_gallery gallery_ids=\u00bb1085,1097,1095,1093,1091,1089,1087&#8243; posts_number=\u00bb2&#8243; orientation=\u00bbportrait\u00bb show_title_and_caption=\u00bboff\u00bb _builder_version=\u00bb3.19.18&#8243;]<\/p>\n<p>[\/et_pb_gallery][\/et_pb_column][\/et_pb_row][\/et_pb_section]<\/p>\n","protected":false},"excerpt":{"rendered":"<p>Voluntariat sense l\u00edmits \u00a0El Voluntariat sense L\u00edmits \u00e9s un nou servei innovador dirigit al col\u00b7lectiu de persones amb intel\u00b7lig\u00e8ncia l\u00edmit (IL) que fomenta la seva participaci\u00f3 i la igualtat d&#8217;oportunitats. Aquest servei neix amb l\u2019objectiu d\u2019oferir l\u2019oportunitat d\u2019exercir una tasca de voluntariat en un entorn normalitzat per potenciar la promoci\u00f3 de la seva autonomia personal [&hellip;]<\/p>\n","protected":false},"author":1,"featured_media":0,"parent":0,"menu_order":0,"comment_status":"closed","ping_status":"closed","template":"","meta":{"_et_pb_use_builder":"on","_et_pb_old_content":"","_et_gb_content_width":"","footnotes":""},"class_list":["post-1036","page","type-page","status-publish","hentry"],"yoast_head":"<!-- This site is optimized with the Yoast SEO plugin v26.9 - https:\/\/yoast.com\/product\/yoast-seo-wordpress\/ -->\n<title>Voluntariat sense l\u00edmits - Voluntariat<\/title>\n<meta name=\"robots\" content=\"index, follow, max-snippet:-1, max-image-preview:large, max-video-preview:-1\" \/>\n<link rel=\"canonical\" href=\"https:\/\/acidh.org\/voluntariat\/voluntariat-sense-limits\/\" \/>\n<meta property=\"og:locale\" content=\"es_ES\" \/>\n<meta property=\"og:type\" content=\"article\" \/>\n<meta property=\"og:title\" content=\"Voluntariat sense l\u00edmits - Voluntariat\" \/>\n<meta property=\"og:description\" content=\"Voluntariat sense l\u00edmits \u00a0El Voluntariat sense L\u00edmits \u00e9s un nou servei innovador dirigit al col\u00b7lectiu de persones amb intel\u00b7lig\u00e8ncia l\u00edmit (IL) que fomenta la seva participaci\u00f3 i la igualtat d&#039;oportunitats. Aquest servei neix amb l\u2019objectiu d\u2019oferir l\u2019oportunitat d\u2019exercir una tasca de voluntariat en un entorn normalitzat per potenciar la promoci\u00f3 de la seva autonomia personal [&hellip;]\" \/>\n<meta property=\"og:url\" content=\"https:\/\/acidh.org\/voluntariat\/voluntariat-sense-limits\/\" \/>\n<meta property=\"og:site_name\" content=\"Voluntariat\" \/>\n<meta property=\"article:modified_time\" content=\"2020-10-01T09:07:10+00:00\" \/>\n<meta name=\"twitter:card\" content=\"summary_large_image\" \/>\n<meta name=\"twitter:label1\" content=\"Tiempo de lectura\" \/>\n\t<meta name=\"twitter:data1\" content=\"4 minutos\" \/>\n<script type=\"application\/ld+json\" class=\"yoast-schema-graph\">{\"@context\":\"https:\/\/schema.org\",\"@graph\":[{\"@type\":\"WebPage\",\"@id\":\"https:\/\/acidh.org\/voluntariat\/voluntariat-sense-limits\/\",\"url\":\"https:\/\/acidh.org\/voluntariat\/voluntariat-sense-limits\/\",\"name\":\"Voluntariat sense l\u00edmits - Voluntariat\",\"isPartOf\":{\"@id\":\"https:\/\/acidh.org\/voluntariat\/#website\"},\"datePublished\":\"2019-03-04T18:47:31+00:00\",\"dateModified\":\"2020-10-01T09:07:10+00:00\",\"breadcrumb\":{\"@id\":\"https:\/\/acidh.org\/voluntariat\/voluntariat-sense-limits\/#breadcrumb\"},\"inLanguage\":\"es\",\"potentialAction\":[{\"@type\":\"ReadAction\",\"target\":[\"https:\/\/acidh.org\/voluntariat\/voluntariat-sense-limits\/\"]}]},{\"@type\":\"BreadcrumbList\",\"@id\":\"https:\/\/acidh.org\/voluntariat\/voluntariat-sense-limits\/#breadcrumb\",\"itemListElement\":[{\"@type\":\"ListItem\",\"position\":1,\"name\":\"Portada\",\"item\":\"https:\/\/acidh.org\/voluntariat\/\"},{\"@type\":\"ListItem\",\"position\":2,\"name\":\"Voluntariat sense l\u00edmits\"}]},{\"@type\":\"WebSite\",\"@id\":\"https:\/\/acidh.org\/voluntariat\/#website\",\"url\":\"https:\/\/acidh.org\/voluntariat\/\",\"name\":\"Voluntariat\",\"description\":\"AcidH\",\"potentialAction\":[{\"@type\":\"SearchAction\",\"target\":{\"@type\":\"EntryPoint\",\"urlTemplate\":\"https:\/\/acidh.org\/voluntariat\/?s={search_term_string}\"},\"query-input\":{\"@type\":\"PropertyValueSpecification\",\"valueRequired\":true,\"valueName\":\"search_term_string\"}}],\"inLanguage\":\"es\"}]}<\/script>\n<!-- \/ Yoast SEO plugin. -->","yoast_head_json":{"title":"Voluntariat sense l\u00edmits - Voluntariat","robots":{"index":"index","follow":"follow","max-snippet":"max-snippet:-1","max-image-preview":"max-image-preview:large","max-video-preview":"max-video-preview:-1"},"canonical":"https:\/\/acidh.org\/voluntariat\/voluntariat-sense-limits\/","og_locale":"es_ES","og_type":"article","og_title":"Voluntariat sense l\u00edmits - Voluntariat","og_description":"Voluntariat sense l\u00edmits \u00a0El Voluntariat sense L\u00edmits \u00e9s un nou servei innovador dirigit al col\u00b7lectiu de persones amb intel\u00b7lig\u00e8ncia l\u00edmit (IL) que fomenta la seva participaci\u00f3 i la igualtat d'oportunitats. Aquest servei neix amb l\u2019objectiu d\u2019oferir l\u2019oportunitat d\u2019exercir una tasca de voluntariat en un entorn normalitzat per potenciar la promoci\u00f3 de la seva autonomia personal [&hellip;]","og_url":"https:\/\/acidh.org\/voluntariat\/voluntariat-sense-limits\/","og_site_name":"Voluntariat","article_modified_time":"2020-10-01T09:07:10+00:00","twitter_card":"summary_large_image","twitter_misc":{"Tiempo de lectura":"4 minutos"},"schema":{"@context":"https:\/\/schema.org","@graph":[{"@type":"WebPage","@id":"https:\/\/acidh.org\/voluntariat\/voluntariat-sense-limits\/","url":"https:\/\/acidh.org\/voluntariat\/voluntariat-sense-limits\/","name":"Voluntariat sense l\u00edmits - Voluntariat","isPartOf":{"@id":"https:\/\/acidh.org\/voluntariat\/#website"},"datePublished":"2019-03-04T18:47:31+00:00","dateModified":"2020-10-01T09:07:10+00:00","breadcrumb":{"@id":"https:\/\/acidh.org\/voluntariat\/voluntariat-sense-limits\/#breadcrumb"},"inLanguage":"es","potentialAction":[{"@type":"ReadAction","target":["https:\/\/acidh.org\/voluntariat\/voluntariat-sense-limits\/"]}]},{"@type":"BreadcrumbList","@id":"https:\/\/acidh.org\/voluntariat\/voluntariat-sense-limits\/#breadcrumb","itemListElement":[{"@type":"ListItem","position":1,"name":"Portada","item":"https:\/\/acidh.org\/voluntariat\/"},{"@type":"ListItem","position":2,"name":"Voluntariat sense l\u00edmits"}]},{"@type":"WebSite","@id":"https:\/\/acidh.org\/voluntariat\/#website","url":"https:\/\/acidh.org\/voluntariat\/","name":"Voluntariat","description":"AcidH","potentialAction":[{"@type":"SearchAction","target":{"@type":"EntryPoint","urlTemplate":"https:\/\/acidh.org\/voluntariat\/?s={search_term_string}"},"query-input":{"@type":"PropertyValueSpecification","valueRequired":true,"valueName":"search_term_string"}}],"inLanguage":"es"}]}},"_links":{"self":[{"href":"https:\/\/acidh.org\/voluntariat\/wp-json\/wp\/v2\/pages\/1036","targetHints":{"allow":["GET"]}}],"collection":[{"href":"https:\/\/acidh.org\/voluntariat\/wp-json\/wp\/v2\/pages"}],"about":[{"href":"https:\/\/acidh.org\/voluntariat\/wp-json\/wp\/v2\/types\/page"}],"author":[{"embeddable":true,"href":"https:\/\/acidh.org\/voluntariat\/wp-json\/wp\/v2\/users\/1"}],"replies":[{"embeddable":true,"href":"https:\/\/acidh.org\/voluntariat\/wp-json\/wp\/v2\/comments?post=1036"}],"version-history":[{"count":14,"href":"https:\/\/acidh.org\/voluntariat\/wp-json\/wp\/v2\/pages\/1036\/revisions"}],"predecessor-version":[{"id":1223,"href":"https:\/\/acidh.org\/voluntariat\/wp-json\/wp\/v2\/pages\/1036\/revisions\/1223"}],"wp:attachment":[{"href":"https:\/\/acidh.org\/voluntariat\/wp-json\/wp\/v2\/media?parent=1036"}],"curies":[{"name":"wp","href":"https:\/\/api.w.org\/{rel}","templated":true}]}}