{"id":1038,"date":"2019-03-04T18:47:31","date_gmt":"2019-03-04T18:47:31","guid":{"rendered":"https:\/\/www.acidh.org\/voluntariat\/?page_id=1038"},"modified":"2019-03-06T19:56:14","modified_gmt":"2019-03-06T19:56:14","slug":"voluntariado-sin-limites","status":"publish","type":"page","link":"https:\/\/acidh.org\/voluntariat\/voluntariado-sin-limites\/","title":{"rendered":"Voluntariado sin l\u00edmites"},"content":{"rendered":"<p>[et_pb_section bb_built=\u00bb1&#8243;][et_pb_row][et_pb_column type=\u00bb4_4&#8243;][et_pb_text _builder_version=\u00bb3.19.18&#8243;]<\/p>\n<h1>\u00bfTrabajas en una asociaci\u00f3n y necesitas voluntariado?<\/h1>\n<p>En ACIDH informamos, asesoramos y proporcionamos voluntariado para asociaciones y entidades de Gracia u otras zonas de Barcelona. Se ofrece voluntariado para todo tipo de trabajos sociales, ya sea con ni\u00f1os, personas mayores, huertos ecol\u00f3gicos, animales, etc.<\/p>\n<p>\u2022\tSi est\u00e1s interesado\/a en dar una ocupaci\u00f3n a nuestro voluntariado contacta con nosotros:<\/p>\n<ul>\n<li>lguasch@acidh.org<\/li>\n<li>934 574 172<\/li>\n<li>Carrer Sta. Eul\u00e0lia 5-9, Barcelona<\/li>\n<\/ul>\n<blockquote><p>Por un voluntariado inclusivo.<br \/>\n\u00a1Hagamos una sociedad mejor!<\/p><\/blockquote>\n<p>&nbsp;<\/p>\n<p>[\/et_pb_text][\/et_pb_column][\/et_pb_row][et_pb_row][et_pb_column type=\u00bb1_2&#8243;][et_pb_testimonial _builder_version=\u00bb3.19.18&#8243; author=\u00bbJosep Manel Llario\u00bb job_title=\u00bb67 a\u00f1os\u00bb quote_icon_background_color=\u00bb#f5f5f5&#8243;]<\/p>\n<p>Llevaba tiempo queriendo hacer un voluntariado pero no sab\u00eda d\u00f3nde hacerlo ni c\u00f3mo buscarlo. Estoy muy ilusionado porque me est\u00e1n ayudando a conseguirlo.<\/p>\n<p>Me gustar\u00eda poder colaborar con ni\u00f1os o animales y poder ayudar a quien lo necesite. \u00a1Ya falta menos!<\/p>\n<p>[\/et_pb_testimonial][\/et_pb_column][et_pb_column type=\u00bb1_2&#8243;][et_pb_gallery _builder_version=\u00bb3.19.18&#8243; gallery_ids=\u00bb1085,1097,1095,1093,1091,1089,1087&#8243; posts_number=\u00bb2&#8243; show_title_and_caption=\u00bboff\u00bb orientation=\u00bbportrait\u00bb hover_overlay_color=\u00bbrgba(255,255,255,0.9)\u00bb \/][\/et_pb_column][\/et_pb_row][\/et_pb_section]<\/p>\n","protected":false},"excerpt":{"rendered":"<p><div class=\"et_pb_row et_pb_row_0 et_pb_row_empty\">\n\t\t\t\t\n\t\t\t\t\n\t\t\t\t\n\t\t\t\t\n\t\t\t\t\n\t\t\t<\/div> \u00bfTrabajas en una asociaci\u00f3n y necesitas voluntariado? En ACIDH informamos, asesoramos y proporcionamos voluntariado para asociaciones y entidades de Gracia u otras zonas de Barcelona. Se ofrece voluntariado para todo tipo de trabajos sociales, ya sea con ni\u00f1os, personas mayores, huertos ecol\u00f3gicos, animales, etc. \u2022 Si est\u00e1s interesado\/a en dar una ocupaci\u00f3n a nuestro [&hellip;]<\/p>\n","protected":false},"author":1,"featured_media":0,"parent":0,"menu_order":0,"comment_status":"closed","ping_status":"closed","template":"","meta":{"_et_pb_use_builder":"on","_et_pb_old_content":"","_et_gb_content_width":"","footnotes":""},"class_list":["post-1038","page","type-page","status-publish","hentry"],"yoast_head":"<!-- This site is optimized with the Yoast SEO plugin v26.9 - https:\/\/yoast.com\/product\/yoast-seo-wordpress\/ -->\n<title>Voluntariado sin l\u00edmites - Voluntariat<\/title>\n<meta name=\"robots\" content=\"index, follow, max-snippet:-1, max-image-preview:large, max-video-preview:-1\" \/>\n<link rel=\"canonical\" href=\"https:\/\/acidh.org\/voluntariat\/es\/voluntariado-sin-limites\/\" \/>\n<meta property=\"og:locale\" content=\"es_ES\" \/>\n<meta property=\"og:type\" content=\"article\" \/>\n<meta property=\"og:title\" content=\"Voluntariado sin l\u00edmites - Voluntariat\" \/>\n<meta property=\"og:description\" content=\"\u00bfTrabajas en una asociaci\u00f3n y necesitas voluntariado? En ACIDH informamos, asesoramos y proporcionamos voluntariado para asociaciones y entidades de Gracia u otras zonas de Barcelona. Se ofrece voluntariado para todo tipo de trabajos sociales, ya sea con ni\u00f1os, personas mayores, huertos ecol\u00f3gicos, animales, etc. \u2022 Si est\u00e1s interesado\/a en dar una ocupaci\u00f3n a nuestro [&hellip;]\" \/>\n<meta property=\"og:url\" content=\"https:\/\/acidh.org\/voluntariat\/es\/voluntariado-sin-limites\/\" \/>\n<meta property=\"og:site_name\" content=\"Voluntariat\" \/>\n<meta property=\"article:modified_time\" content=\"2019-03-06T19:56:14+00:00\" \/>\n<meta name=\"twitter:card\" content=\"summary_large_image\" \/>\n<meta name=\"twitter:label1\" content=\"Tiempo de lectura\" \/>\n\t<meta name=\"twitter:data1\" content=\"1 minuto\" \/>\n<script type=\"application\/ld+json\" class=\"yoast-schema-graph\">{\"@context\":\"https:\/\/schema.org\",\"@graph\":[{\"@type\":\"WebPage\",\"@id\":\"https:\/\/acidh.org\/voluntariat\/es\/voluntariado-sin-limites\/\",\"url\":\"https:\/\/acidh.org\/voluntariat\/es\/voluntariado-sin-limites\/\",\"name\":\"Voluntariado sin l\u00edmites - Voluntariat\",\"isPartOf\":{\"@id\":\"https:\/\/acidh.org\/voluntariat\/#website\"},\"datePublished\":\"2019-03-04T18:47:31+00:00\",\"dateModified\":\"2019-03-06T19:56:14+00:00\",\"breadcrumb\":{\"@id\":\"https:\/\/acidh.org\/voluntariat\/es\/voluntariado-sin-limites\/#breadcrumb\"},\"inLanguage\":\"es\",\"potentialAction\":[{\"@type\":\"ReadAction\",\"target\":[\"https:\/\/acidh.org\/voluntariat\/es\/voluntariado-sin-limites\/\"]}]},{\"@type\":\"BreadcrumbList\",\"@id\":\"https:\/\/acidh.org\/voluntariat\/es\/voluntariado-sin-limites\/#breadcrumb\",\"itemListElement\":[{\"@type\":\"ListItem\",\"position\":1,\"name\":\"Portada\",\"item\":\"https:\/\/acidh.org\/voluntariat\/\"},{\"@type\":\"ListItem\",\"position\":2,\"name\":\"Voluntariado sin l\u00edmites\"}]},{\"@type\":\"WebSite\",\"@id\":\"https:\/\/acidh.org\/voluntariat\/#website\",\"url\":\"https:\/\/acidh.org\/voluntariat\/\",\"name\":\"Voluntariat\",\"description\":\"AcidH\",\"potentialAction\":[{\"@type\":\"SearchAction\",\"target\":{\"@type\":\"EntryPoint\",\"urlTemplate\":\"https:\/\/acidh.org\/voluntariat\/?s={search_term_string}\"},\"query-input\":{\"@type\":\"PropertyValueSpecification\",\"valueRequired\":true,\"valueName\":\"search_term_string\"}}],\"inLanguage\":\"es\"}]}<\/script>\n<!-- \/ Yoast SEO plugin. -->","yoast_head_json":{"title":"Voluntariado sin l\u00edmites - Voluntariat","robots":{"index":"index","follow":"follow","max-snippet":"max-snippet:-1","max-image-preview":"max-image-preview:large","max-video-preview":"max-video-preview:-1"},"canonical":"https:\/\/acidh.org\/voluntariat\/es\/voluntariado-sin-limites\/","og_locale":"es_ES","og_type":"article","og_title":"Voluntariado sin l\u00edmites - Voluntariat","og_description":"\u00bfTrabajas en una asociaci\u00f3n y necesitas voluntariado? En ACIDH informamos, asesoramos y proporcionamos voluntariado para asociaciones y entidades de Gracia u otras zonas de Barcelona. Se ofrece voluntariado para todo tipo de trabajos sociales, ya sea con ni\u00f1os, personas mayores, huertos ecol\u00f3gicos, animales, etc. \u2022 Si est\u00e1s interesado\/a en dar una ocupaci\u00f3n a nuestro [&hellip;]","og_url":"https:\/\/acidh.org\/voluntariat\/es\/voluntariado-sin-limites\/","og_site_name":"Voluntariat","article_modified_time":"2019-03-06T19:56:14+00:00","twitter_card":"summary_large_image","twitter_misc":{"Tiempo de lectura":"1 minuto"},"schema":{"@context":"https:\/\/schema.org","@graph":[{"@type":"WebPage","@id":"https:\/\/acidh.org\/voluntariat\/es\/voluntariado-sin-limites\/","url":"https:\/\/acidh.org\/voluntariat\/es\/voluntariado-sin-limites\/","name":"Voluntariado sin l\u00edmites - Voluntariat","isPartOf":{"@id":"https:\/\/acidh.org\/voluntariat\/#website"},"datePublished":"2019-03-04T18:47:31+00:00","dateModified":"2019-03-06T19:56:14+00:00","breadcrumb":{"@id":"https:\/\/acidh.org\/voluntariat\/es\/voluntariado-sin-limites\/#breadcrumb"},"inLanguage":"es","potentialAction":[{"@type":"ReadAction","target":["https:\/\/acidh.org\/voluntariat\/es\/voluntariado-sin-limites\/"]}]},{"@type":"BreadcrumbList","@id":"https:\/\/acidh.org\/voluntariat\/es\/voluntariado-sin-limites\/#breadcrumb","itemListElement":[{"@type":"ListItem","position":1,"name":"Portada","item":"https:\/\/acidh.org\/voluntariat\/"},{"@type":"ListItem","position":2,"name":"Voluntariado sin l\u00edmites"}]},{"@type":"WebSite","@id":"https:\/\/acidh.org\/voluntariat\/#website","url":"https:\/\/acidh.org\/voluntariat\/","name":"Voluntariat","description":"AcidH","potentialAction":[{"@type":"SearchAction","target":{"@type":"EntryPoint","urlTemplate":"https:\/\/acidh.org\/voluntariat\/?s={search_term_string}"},"query-input":{"@type":"PropertyValueSpecification","valueRequired":true,"valueName":"search_term_string"}}],"inLanguage":"es"}]}},"_links":{"self":[{"href":"https:\/\/acidh.org\/voluntariat\/wp-json\/wp\/v2\/pages\/1038","targetHints":{"allow":["GET"]}}],"collection":[{"href":"https:\/\/acidh.org\/voluntariat\/wp-json\/wp\/v2\/pages"}],"about":[{"href":"https:\/\/acidh.org\/voluntariat\/wp-json\/wp\/v2\/types\/page"}],"author":[{"embeddable":true,"href":"https:\/\/acidh.org\/voluntariat\/wp-json\/wp\/v2\/users\/1"}],"replies":[{"embeddable":true,"href":"https:\/\/acidh.org\/voluntariat\/wp-json\/wp\/v2\/comments?post=1038"}],"version-history":[{"count":4,"href":"https:\/\/acidh.org\/voluntariat\/wp-json\/wp\/v2\/pages\/1038\/revisions"}],"predecessor-version":[{"id":1104,"href":"https:\/\/acidh.org\/voluntariat\/wp-json\/wp\/v2\/pages\/1038\/revisions\/1104"}],"wp:attachment":[{"href":"https:\/\/acidh.org\/voluntariat\/wp-json\/wp\/v2\/media?parent=1038"}],"curies":[{"name":"wp","href":"https:\/\/api.w.org\/{rel}","templated":true}]}}